{"id":1360,"date":"2017-10-10T16:01:11","date_gmt":"2017-10-10T16:01:11","guid":{"rendered":"http:\/\/apressthemes.com\/demo35\/?page_id=1360"},"modified":"2026-03-30T06:52:53","modified_gmt":"2026-03-30T06:52:53","slug":"home","status":"publish","type":"page","link":"https:\/\/salonmondialagroecologie.org\/en\/","title":{"rendered":"Accueil"},"content":{"rendered":"<div data-row-text-color=\"dark\" style=\" \" class=\"vc_row wpb_row zolo_wpb_row vc_row-fluid apress_row_class_81276906469da29b12afa6 vc_custom_1728856074669 vc_row-o-content-middle vc_row-flex\"><div class=\"wpb_animate_when_almost_visible wpb_slideInLeft slideInLeft wpb_column vc_column_container vc_col-sm-4 apress_col_id_73258563469da29b12b8f5 hover_style_none\"><div class=\"layer vc_column-inner\"  ><div class=\"wpb_wrapper\"><div class=\"ult-just-icon-wrapper\"><div class=\"align-icon\" style=\"text-align:right;\">\n<div class=\"aio-icon none\" data-animation=\"bounceInLeft\" data-animation-delay=\"03\" style=\"color:#333;font-size:70px;display:inline-block;\">\n\t<i class=\"Defaults-long-arrow-right\"><\/i>\n<\/div><\/div><\/div><\/div><\/div><\/div><div class=\"wpb_column vc_column_container vc_col-sm-4 apress_col_id_155458177869da29b12beba hover_style_none\"><div class=\"layer vc_column-inner\"  ><div class=\"wpb_wrapper\">\r\n\t<div class=\"wpb_text_column wpb_content_element\" >\r\n\t\t<div class=\"wpb_wrapper\">\r\n\t\t\t<p>L\u2019objectif global du SMAE 2026 est de cr\u00e9er les conditions de promotion de l\u2019agro\u00e9cologie<br \/>\ncomme alternative efficace pour une agriculture durable dans le monde.<br \/>\nPromouvoir et renforcer les \u00e9changes internationaux sur l\u2019agro\u00e9cologie en vue<br \/>\nd\u2019acc\u00e9l\u00e9rer la transition vers des syst\u00e8mes alimentaires durables.<\/p>\n<ul>\n<li>Promouvoir l\u2019agro\u00e9cologie en tant que vecteur strat\u00e9gique de croissance verte et de<br \/>\ncomp\u00e9titivit\u00e9 \u00e9conomique durable<br \/>\n&#8211; Stimuler les investissements publics et priv\u00e9s en faveur d\u2019une transition agricole<br \/>\nrespectueuse des \u00e9cosyst\u00e8mes et g\u00e9n\u00e9ratrice d\u2019emploi<\/li>\n<li>Renforcer les partenariats entre les acteurs institutionnels, \u00e9conomiques et financiers<br \/>\npour soutenir une dynamique coordonn\u00e9e de transition agro\u00e9cologique<\/li>\n<li>-Encourager la mise en \u0153uvre de politiques publiques et d\u2019innovations technologiques<br \/>\nconsolidant la durabilit\u00e9, la r\u00e9silience et la s\u00e9curit\u00e9 alimentaire<\/li>\n<\/ul>\n\r\n\t\t<\/div>\r\n\t<\/div>\r\n<\/div><\/div><\/div><div class=\"wpb_column vc_column_container vc_col-sm-4 apress_col_id_3026096069da29b12c726 hover_style_none\"><div class=\"layer vc_column-inner\"  ><div class=\"wpb_wrapper\"><div class=\"ult-just-icon-wrapper\"><div class=\"align-icon\" style=\"text-align:left;\">\n<div class=\"aio-icon none\" data-animation=\"bounceInRight\" data-animation-delay=\"03\" style=\"color:#333;font-size:70px;\">\n\t<i class=\"Defaults-long-arrow-left\"><\/i>\n<\/div><\/div><\/div><\/div><\/div><\/div><\/div><div data-row-text-color=\"dark\" style=\" \" class=\"vc_row wpb_row zolo_wpb_row vc_row-fluid apress_row_class_50223353869da29b12ccde vc_custom_1731543233565 vc_row-o-equal-height vc_row-o-content-middle vc_row-flex\"><div class=\"wpb_animate_when_almost_visible wpb_fadeIn fadeIn wpb_column vc_column_container vc_col-sm-6 apress_col_id_11443681069da29b12d298 hover_style_none\"><div class=\"layer vc_column-inner\"  ><div class=\"wpb_wrapper\">\r\n\t<div class=\"wpb_text_column wpb_content_element\" >\r\n\t\t<div class=\"wpb_wrapper\">\r\n\t\t\t<div class=\"xdj266r x14z9mp xat24cr x1lziwak x1vvkbs x126k92a\">\n<div dir=\"auto\">L&rsquo;Union Inter R\u00e9gionale des Soci\u00e9t\u00e9s Coop\u00e9ratives (Uirec) a l&rsquo;honneur de vous inviter au premier Salon Mondial de l&rsquo;Agro\u00e9cologie qui se tiendra en avril 2026 \u00e0 San Pedro, C\u00f4te d&rsquo;Ivoire.<\/div>\n<div dir=\"auto\"><\/div>\n<\/div>\n<div class=\"x14z9mp xat24cr x1lziwak x1vvkbs xtlvy1s x126k92a\">\n<div dir=\"auto\">Cet \u00e9v\u00e9nement r\u00e9unira professionnels, innovateurs, agriculteurs, chercheurs et jeunes entrepreneurs autour d&rsquo;un th\u00e8me central : \u00ab\u00a0Agro\u00e9cologie et souverainet\u00e9 alimentaire : Innover pour nourrir durablement l&rsquo;Afrique et le Monde\u00a0\u00bb.<\/div>\n<div dir=\"auto\"><\/div>\n<\/div>\n<div class=\"x14z9mp xat24cr x1lziwak x1vvkbs xtlvy1s x126k92a\">\n<div dir=\"auto\">Au programme de ce rendez-vous incontournable : des expositions pr\u00e9sentant les derni\u00e8res innovations agro\u00e9cologiques, des ateliers pratiques sur la permaculture, l&rsquo;agroforesterie et la gestion durable de l&rsquo;eau, des conf\u00e9rences anim\u00e9es par des experts internationaux, un espace d\u00e9di\u00e9 aux jeunes et \u00e0 l&rsquo;innovation, ainsi que de nombreuses opportunit\u00e9s de networking pour d\u00e9velopper vos projets et partenariats.<\/div>\n<div dir=\"auto\"><\/div>\n<\/div>\n<div class=\"x14z9mp xat24cr x1lziwak x1vvkbs xtlvy1s x126k92a\">\n<div dir=\"auto\">Pour plus d&rsquo;informations, inscriptions ou partenariats, contactez-nous d\u00e8s maintenant \u00e0 l&rsquo;adresse uireccoopca018@gmail.com ou par t\u00e9l\u00e9phone au 225 0767983926.<\/div>\n<\/div>\n\r\n\t\t<\/div>\r\n\t<\/div>\r\n<\/div><\/div><\/div><div class=\"wpb_column vc_column_container vc_col-sm-6 apress_col_id_175035595269da29b12d90c hover_style_none\"><div class=\"layer vc_column-inner\"  ><div class=\"wpb_wrapper\">\r\n\t<div  class=\"wpb_single_image wpb_content_element vc_align_center  wpb_animate_when_almost_visible wpb_fadeInUp fadeInUp\">\r\n\t\t\r\n\t\t<figure class=\"wpb_wrapper vc_figure\">\r\n\t\t\t<div class=\"vc_single_image-wrapper vc_box_shadow  vc_box_border_grey\"><img loading=\"lazy\" decoding=\"async\" class=\"vc_single_image-img\" src=\"https:\/\/salonmondialagroecologie.org\/wp-content\/uploads\/2026\/03\/WhatsApp-Image-2025-11-13-a-19.54.05_9d322885-400x588.jpg\" width=\"400\" height=\"588\" alt=\"WhatsApp Image 2025-11-13 \u00e0 19.54.05_9d322885\" title=\"WhatsApp Image 2025-11-13 \u00e0 19.54.05_9d322885\" \/><\/div>\r\n\t\t<\/figure>\r\n\t<\/div>\r\n<\/div><\/div><\/div><\/div><div data-row-text-color=\"dark\" style=\" \" class=\"vc_row wpb_row zolo_wpb_row vc_row-fluid apress_row_class_136199808069da29b12f115 vc_custom_1731543233565 vc_row-o-equal-height vc_row-o-content-middle vc_row-flex\"><div class=\"wpb_animate_when_almost_visible wpb_fadeIn fadeIn wpb_column vc_column_container vc_col-sm-6 apress_col_id_72822355969da29b12f5d8 hover_style_none\"><div class=\"layer vc_column-inner\"  ><div class=\"wpb_wrapper\">\r\n\t<div  class=\"wpb_single_image wpb_content_element vc_align_center  wpb_animate_when_almost_visible wpb_fadeInUp fadeInUp\">\r\n\t\t\r\n\t\t<figure class=\"wpb_wrapper vc_figure\">\r\n\t\t\t<div class=\"vc_single_image-wrapper vc_box_shadow  vc_box_border_grey\"><img loading=\"lazy\" decoding=\"async\" class=\"vc_single_image-img\" src=\"https:\/\/salonmondialagroecologie.org\/wp-content\/uploads\/2026\/03\/agriculture-healthy-food-scaled-400x588.jpg\" width=\"400\" height=\"588\" alt=\"agriculture-healthy-food\" title=\"agriculture-healthy-food\" \/><\/div>\r\n\t\t<\/figure>\r\n\t<\/div>\r\n<\/div><\/div><\/div><div class=\"wpb_column vc_column_container vc_col-sm-6 apress_col_id_43664761169da29b1302fd hover_style_none\"><div class=\"layer vc_column-inner\"  ><div class=\"wpb_wrapper\">\r\n\t<div class=\"wpb_text_column wpb_content_element\" >\r\n\t\t<div class=\"wpb_wrapper\">\r\n\t\t\t<div class=\"x14z9mp xat24cr x1lziwak x1vvkbs xtlvy1s x126k92a\">\n<div dir=\"auto\">Le Salon Mondial de l\u2019Agro\u00e9cologie lance un appel \u00e0 sponsors et partenaires d\u00e9sireux de s\u2019engager pour une agriculture durable, innovante et respectueuse de l\u2019environnement.<\/div>\n<\/div>\n<div class=\"x14z9mp xat24cr x1lziwak x1vvkbs xtlvy1s x126k92a\">\n<div dir=\"auto\"><span class=\"html-span xexx8yu xyri2b x18d9i69 x1c1uobl x1hl2dhg x16tdsg8 x1vvkbs x3nfvp2 x1j61x8r x1fcty0u xdj266r xat24cr xm2jcoa x1mpyi22 xxymvpz xlup9mm x1kky2od\"><img loading=\"lazy\" decoding=\"async\" class=\"xz74otr x15mokao x1ga7v0g x16uus16 xbiv7yw\" src=\"https:\/\/static.xx.fbcdn.net\/images\/emoji.php\/v9\/t2d\/1\/16\/1f4cd.png\" alt=\"\ud83d\udccd\" width=\"16\" height=\"16\" \/><\/span> Lieu : Universit\u00e9 San Pedro, C\u00f4te d\u2019Ivoire<\/div>\n<div dir=\"auto\"><span class=\"html-span xexx8yu xyri2b x18d9i69 x1c1uobl x1hl2dhg x16tdsg8 x1vvkbs x3nfvp2 x1j61x8r x1fcty0u xdj266r xat24cr xm2jcoa x1mpyi22 xxymvpz xlup9mm x1kky2od\"><img loading=\"lazy\" decoding=\"async\" class=\"xz74otr x15mokao x1ga7v0g x16uus16 xbiv7yw\" src=\"https:\/\/static.xx.fbcdn.net\/images\/emoji.php\/v9\/t7e\/1\/16\/1f4c5.png\" alt=\"\ud83d\udcc5\" width=\"16\" height=\"16\" \/><\/span> Dates : du 07 au 10 avril 2026<\/div>\n<\/div>\n<div class=\"x14z9mp xat24cr x1lziwak x1vvkbs xtlvy1s x126k92a\">\n<div dir=\"auto\">Associez votre entreprise, institution ou organisation \u00e0 un \u00e9v\u00e9nement international qui rassemble acteurs du monde agricole, d\u00e9cideurs, chercheurs, entrepreneurs et jeunes innovateurs autour de l\u2019agro\u00e9cologie.<\/div>\n<div dir=\"auto\"><\/div>\n<\/div>\n<div class=\"x14z9mp xat24cr x1lziwak x1vvkbs xtlvy1s x126k92a\">\n<div dir=\"auto\"><span class=\"html-span xexx8yu xyri2b x18d9i69 x1c1uobl x1hl2dhg x16tdsg8 x1vvkbs x3nfvp2 x1j61x8r x1fcty0u xdj266r xat24cr xm2jcoa x1mpyi22 xxymvpz xlup9mm x1kky2od\"><img loading=\"lazy\" decoding=\"async\" class=\"xz74otr x15mokao x1ga7v0g x16uus16 xbiv7yw\" src=\"https:\/\/static.xx.fbcdn.net\/images\/emoji.php\/v9\/t51\/1\/16\/1f449.png\" alt=\"\ud83d\udc49\" width=\"16\" height=\"16\" \/><\/span> Pourquoi devenir partenaire ?<\/div>\n<div dir=\"auto\">&#8211; Visibilit\u00e9 internationale<\/div>\n<div dir=\"auto\">&#8211; Impact environnemental et social durable<\/div>\n<div dir=\"auto\">&#8211; Opportunit\u00e9s de r\u00e9seautage strat\u00e9gique<\/div>\n<div dir=\"auto\">&#8211; Valorisation de votre engagement RSE<\/div>\n<div dir=\"auto\"><\/div>\n<\/div>\n<div class=\"x14z9mp xat24cr x1lziwak x1vvkbs xtlvy1s x126k92a\">\n<div dir=\"auto\"><span class=\"html-span xexx8yu xyri2b x18d9i69 x1c1uobl x1hl2dhg x16tdsg8 x1vvkbs x3nfvp2 x1j61x8r x1fcty0u xdj266r xat24cr xm2jcoa x1mpyi22 xxymvpz xlup9mm x1kky2od\"><img loading=\"lazy\" decoding=\"async\" class=\"xz74otr x15mokao x1ga7v0g x16uus16 xbiv7yw\" src=\"https:\/\/static.xx.fbcdn.net\/images\/emoji.php\/v9\/tc0\/1\/16\/1f4e9.png\" alt=\"\ud83d\udce9\" width=\"16\" height=\"16\" \/><\/span> Contactez-nous d\u00e8s maintenant pour en savoir plus :<\/div>\n<\/div>\n<div class=\"x14z9mp xat24cr x1lziwak x1vvkbs xtlvy1s x126k92a\">\n<div dir=\"auto\"><span class=\"html-span xexx8yu xyri2b x18d9i69 x1c1uobl x1hl2dhg x16tdsg8 x1vvkbs x3nfvp2 x1j61x8r x1fcty0u xdj266r xat24cr xm2jcoa x1mpyi22 xxymvpz xlup9mm x1kky2od\"><img loading=\"lazy\" decoding=\"async\" class=\"xz74otr x15mokao x1ga7v0g x16uus16 xbiv7yw\" src=\"https:\/\/static.xx.fbcdn.net\/images\/emoji.php\/v9\/t37\/1\/16\/2709.png\" alt=\"\u2709\ufe0f\" width=\"16\" height=\"16\" \/><\/span> Email : uireccoopca018@gmail.com<\/div>\n<div dir=\"auto\"><span class=\"html-span xexx8yu xyri2b x18d9i69 x1c1uobl x1hl2dhg x16tdsg8 x1vvkbs x3nfvp2 x1j61x8r x1fcty0u xdj266r xat24cr xm2jcoa x1mpyi22 xxymvpz xlup9mm x1kky2od\"><img loading=\"lazy\" decoding=\"async\" class=\"xz74otr x15mokao x1ga7v0g x16uus16 xbiv7yw\" src=\"https:\/\/static.xx.fbcdn.net\/images\/emoji.php\/v9\/t4d\/1\/16\/1f4de.png\" alt=\"\ud83d\udcde\" width=\"16\" height=\"16\" \/><\/span> T\u00e9l\u00e9phone : +225 07 67 98 39 26<\/div>\n<\/div>\n\r\n\t\t<\/div>\r\n\t<\/div>\r\n<\/div><\/div><\/div><\/div><div data-row-text-color=\"dark\" data-vc-full-width=\"true\" data-vc-full-width-init=\"false\" style=\" \" class=\"vc_row wpb_row zolo_wpb_row vc_row-fluid apress_row_class_24316781769da29b130aa9 vc_custom_1728433290724 vc_row-has-fill\"><div class=\"wpb_column vc_column_container vc_col-sm-12 apress_col_id_132853908369da29b130f92 hover_style_none\"><div class=\"layer vc_column-inner\"  ><div class=\"wpb_wrapper\">\r\n\t<div class=\"wpb_text_column wpb_content_element\" >\r\n\t\t<div class=\"wpb_wrapper\">\r\n\t\t\t<p>Prenez part \u00e0 SMAE 2026 et rejoignez la dynamique pour le<br \/>\nd\u00e9veloppement agricole et la conservation de la biodiversit\u00e9<\/p>\n<p>PROMOTEURS : UIREC<\/p>\n<p>Contacts : 225 0767983926\/uireccoopca018@gmail.com<br \/>\nCommissaire g\u00e9n\u00e9ral M. KONAN SEDRIC ARMEL<\/p>\n\r\n\t\t<\/div>\r\n\t<\/div>\r\n<\/div><\/div><\/div><\/div><div class=\"vc_row-full-width vc_clearfix\"><\/div>","protected":false},"excerpt":{"rendered":"L\u2019objectif global du SMAE 2026 est de cr\u00e9er les conditions de promotion de l\u2019agro\u00e9cologie comme alternative efficace pour une agriculture durable dans le monde. Promouvoir et renforcer les \u00e9changes internationaux sur l\u2019agro\u00e9cologie en vue d\u2019acc\u00e9l\u00e9rer la transition vers des syst\u00e8mes<span class=\"read_more_area\"><a class=\"read-more\" href=\"https:\/\/salonmondialagroecologie.org\/en\/\"> Continue Reading <\/a><\/span>","protected":false},"author":1,"featured_media":2695,"parent":0,"menu_order":0,"comment_status":"closed","ping_status":"closed","template":"","meta":{"footnotes":""},"class_list":["post-1360","page","type-page","status-publish","has-post-thumbnail","hentry"],"_links":{"self":[{"href":"https:\/\/salonmondialagroecologie.org\/en\/wp-json\/wp\/v2\/pages\/1360","targetHints":{"allow":["GET"]}}],"collection":[{"href":"https:\/\/salonmondialagroecologie.org\/en\/wp-json\/wp\/v2\/pages"}],"about":[{"href":"https:\/\/salonmondialagroecologie.org\/en\/wp-json\/wp\/v2\/types\/page"}],"author":[{"embeddable":true,"href":"https:\/\/salonmondialagroecologie.org\/en\/wp-json\/wp\/v2\/users\/1"}],"replies":[{"embeddable":true,"href":"https:\/\/salonmondialagroecologie.org\/en\/wp-json\/wp\/v2\/comments?post=1360"}],"version-history":[{"count":152,"href":"https:\/\/salonmondialagroecologie.org\/en\/wp-json\/wp\/v2\/pages\/1360\/revisions"}],"predecessor-version":[{"id":2679,"href":"https:\/\/salonmondialagroecologie.org\/en\/wp-json\/wp\/v2\/pages\/1360\/revisions\/2679"}],"wp:featuredmedia":[{"embeddable":true,"href":"https:\/\/salonmondialagroecologie.org\/en\/wp-json\/wp\/v2\/media\/2695"}],"wp:attachment":[{"href":"https:\/\/salonmondialagroecologie.org\/en\/wp-json\/wp\/v2\/media?parent=1360"}],"curies":[{"name":"wp","href":"https:\/\/api.w.org\/{rel}","templated":true}]}}