{"id":1391,"date":"2017-10-11T05:24:39","date_gmt":"2017-10-11T05:24:39","guid":{"rendered":"http:\/\/apressthemes.com\/demo35\/?page_id=1391"},"modified":"2026-03-17T08:40:18","modified_gmt":"2026-03-17T08:40:18","slug":"a-propos","status":"publish","type":"page","link":"https:\/\/salonmondialagroecologie.org\/en\/a-propos\/","title":{"rendered":"A propos"},"content":{"rendered":"<div data-row-text-color=\"dark\" style=\" \" class=\"vc_row wpb_row zolo_wpb_row vc_row-fluid apress_row_class_23962616269da3cdc95a42 vc_custom_1687812898641\"><div class=\"centered-text wpb_column vc_column_container vc_col-sm-12 apress_col_id_120828651569da3cdc96304 hover_style_none\"><div class=\"layer vc_column-inner\"  ><div class=\"wpb_wrapper\">\r\n\t<div class=\"wpb_text_column wpb_content_element\" >\r\n\t\t<div class=\"wpb_wrapper\">\r\n\t\t\t<p>l\u2019organisation du Salon Mondial de l\u2019Agro\u00e9cologie en C\u00f4te d\u2019Ivoire<br \/>\n(SMAE) constitue une initiative strat\u00e9gique. Ce salon a pour vocation de devenir une<br \/>\nplateforme d\u2019\u00e9changes, de valorisation et de partenariats autour des innovations, politiques et<br \/>\nbonne pratiques agro\u00e9cologiques. Il favorisera la rencontre entre producteurs, chercheurs,<br \/>\nd\u00e9cideurs politiques, investisseurs et consommateurs autour d\u2019une vision commune :<br \/>\ntransformer les syst\u00e8mes agroalimentaires pour garantir la s\u00e9curit\u00e9 alimentaire, restaurer les<br \/>\n\u00e9cosyst\u00e8mes et renforcer la r\u00e9silience des populations rurales et p\u00e9riurbaines<\/p>\n<p>Objectifs<\/p>\n<p>&#8211; Promouvoir l\u2019agro\u00e9cologie en tant que vecteur strat\u00e9gique de croissance verte et de<br \/>\ncomp\u00e9titivit\u00e9 \u00e9conomique durable<br \/>\n&#8211; Stimuler les investissements publics et priv\u00e9s en faveur d\u2019une transition agricole<br \/>\nrespectueuse des \u00e9cosyst\u00e8mes et g\u00e9n\u00e9ratrice d\u2019emploi<br \/>\n&#8211; Renforcer les partenariats entre les acteurs institutionnels, \u00e9conomiques et financiers<br \/>\npour soutenir une dynamique coordonn\u00e9e de transition agro\u00e9cologique<br \/>\n&#8211; Encourager la mise en \u0153uvre de politiques publiques et d\u2019innovations technologiques<br \/>\nconsolidant la durabilit\u00e9, la r\u00e9silience et la s\u00e9curit\u00e9 alimentaire<\/p>\n\r\n\t\t<\/div>\r\n\t<\/div>\r\n<\/div><\/div><\/div><\/div><div data-row-text-color=\"dark\" style=\" \" class=\"vc_row wpb_row zolo_wpb_row vc_row-fluid apress_row_class_201113740169da3cdc9820b vc_custom_1687812898641\"><div class=\"centered-text wpb_column vc_column_container vc_col-sm-12 apress_col_id_100793785969da3cdc987ed hover_style_none\"><div class=\"layer vc_column-inner\"  ><div class=\"wpb_wrapper\">\r\n\t<div class=\"wpb_text_column wpb_content_element\" >\r\n\t\t<div class=\"wpb_wrapper\">\r\n\t\t\t<p>R\u00e9sultats attendus<\/p>\n<p>Au terme du pr\u00e9sent salon :<br \/>\n1. Les acteurs du d\u00e9veloppement agricole, les jeunes et les \u00e9tudiants sont inform\u00e9s,<br \/>\nsensibilis\u00e9s et les capacit\u00e9s sont renforc\u00e9s sur l\u2019agro\u00e9cologie ;<br \/>\n2. Diff\u00e9rentes exp\u00e9riences en mati\u00e8re d\u2019agro\u00e9cologie sont partag\u00e9es entre les<br \/>\nparticipants ;<br \/>\n3. Un r\u00e9pertoire de projets\/programmes promouvant l\u2019agro\u00e9cologie est disponible ;<br \/>\n4. Des engagements de collaboration, de partenariat et des appuis aussi bien techniques<br \/>\nque financiers \u00e0 l\u2019\u00e9mergence de l\u2019agro\u00e9cologie sont pris ;<br \/>\n5. Une plateforme de plaidoyer en faveur de l\u2019agro\u00e9cologie est pr\u00e9sent\u00e9e.<br \/>\n6. Des accords de coop\u00e9ration et partenariats sont sign\u00e9s entre acteurs internationaux et<br \/>\nlocaux.<br \/>\n7. Des engagements politiques sont pris pour soutenir la transition agro\u00e9cologique.<br \/>\n8. Un r\u00e9seau mondial des acteurs de l\u2019agro\u00e9cologie est constitu\u00e9 et bas\u00e9 en C\u00f4te d\u2019Ivoire.<br \/>\n9. Des Innovations et technologies vertes sont pr\u00e9sent\u00e9es et diffus\u00e9es<\/p>\n\r\n\t\t<\/div>\r\n\t<\/div>\r\n<div class=\"vc_tta-panel\" id=\"1734641730941-6204d75d-7170\" data-vc-content=\".vc_tta-panel-body\"><div class=\"vc_tta-panel-heading\"><h4 class=\"vc_tta-panel-title\"><a href=\"#1734641730941-6204d75d-7170\" data-vc-accordion data-vc-container=\".vc_tta-container\"><span class=\"vc_tta-title-text\">PPRC<\/span><\/a><\/h4><\/div><div class=\"vc_tta-panel-body\"><\/div><\/div><\/div><\/div><\/div><\/div>","protected":false},"excerpt":{"rendered":"l\u2019organisation du Salon Mondial de l\u2019Agro\u00e9cologie en C\u00f4te d\u2019Ivoire (SMAE) constitue une initiative strat\u00e9gique. Ce salon a pour vocation de devenir une plateforme d\u2019\u00e9changes, de valorisation et de partenariats autour des innovations, politiques et bonne pratiques agro\u00e9cologiques. Il favorisera la<span class=\"read_more_area\"><a class=\"read-more\" href=\"https:\/\/salonmondialagroecologie.org\/en\/a-propos\/\"> Continue Reading <\/a><\/span>","protected":false},"author":1,"featured_media":0,"parent":0,"menu_order":0,"comment_status":"closed","ping_status":"closed","template":"","meta":{"footnotes":""},"class_list":["post-1391","page","type-page","status-publish","hentry"],"_links":{"self":[{"href":"https:\/\/salonmondialagroecologie.org\/en\/wp-json\/wp\/v2\/pages\/1391","targetHints":{"allow":["GET"]}}],"collection":[{"href":"https:\/\/salonmondialagroecologie.org\/en\/wp-json\/wp\/v2\/pages"}],"about":[{"href":"https:\/\/salonmondialagroecologie.org\/en\/wp-json\/wp\/v2\/types\/page"}],"author":[{"embeddable":true,"href":"https:\/\/salonmondialagroecologie.org\/en\/wp-json\/wp\/v2\/users\/1"}],"replies":[{"embeddable":true,"href":"https:\/\/salonmondialagroecologie.org\/en\/wp-json\/wp\/v2\/comments?post=1391"}],"version-history":[{"count":62,"href":"https:\/\/salonmondialagroecologie.org\/en\/wp-json\/wp\/v2\/pages\/1391\/revisions"}],"predecessor-version":[{"id":2682,"href":"https:\/\/salonmondialagroecologie.org\/en\/wp-json\/wp\/v2\/pages\/1391\/revisions\/2682"}],"wp:attachment":[{"href":"https:\/\/salonmondialagroecologie.org\/en\/wp-json\/wp\/v2\/media?parent=1391"}],"curies":[{"name":"wp","href":"https:\/\/api.w.org\/{rel}","templated":true}]}}